{"id":4435,"date":"2020-11-16T12:49:34","date_gmt":"2020-11-16T11:49:34","guid":{"rendered":"http:\/\/maquettes3.billiotte.fr\/tracip\/?page_id=4435"},"modified":"2021-02-04T15:40:50","modified_gmt":"2021-02-04T14:40:50","slug":"home","status":"publish","type":"page","link":"https:\/\/www.tracip.fr\/en\/home\/","title":{"rendered":"Your partner for government-grade forensic science solutions"},"content":{"rendered":"<div class=\"row\"><div class=\"all-full\">\n<p>Whether the crime scene is physical or digital, scientific evidence has never been so critical to lead investigations to rapid conclusion. Criminalistics today cannot be envisioned without ballistic examination or DNA analysis. And digital evidence is harder and harder to uncover, hidden among terabytes of computer, mobile, and cloud data.<\/p>\n<\/div><\/div>\n\n<div class=\"row\"><div class=\"all-full\">\n<p>We at Tracip help your forensic investigation teams fulfill their missions, by giving you access to state-of-the-art technology packaged in ergonomic solutions.<\/p>\n<\/div><\/div>\n\n<div class=\"row\"><div class=\"all-full\">\n<p>We leverage a strong partnership with IRCGN, the French Gendarmerie\u2019s Institute of Forensic Science and business relationships with most digital forensics tools providers.<\/p>\n<\/div><\/div>","protected":false},"excerpt":{"rendered":"<p>Whether the crime scene is physical or digital, scientific evidence has never been so critical to lead investigations [&hellip;]<\/p>\n","protected":false},"author":5,"featured_media":0,"parent":0,"menu_order":0,"comment_status":"closed","ping_status":"closed","template":"tpl-blank.php","meta":{"qubely_global_settings":"","qubely_interactions":"","advgb_blocks_editor_width":"","advgb_blocks_columns_visual_guide":"","footnotes":""},"class_list":["post-4435","page","type-page","status-publish","hentry"],"yoast_head":"<!-- This site is optimized with the Yoast SEO plugin v27.1.1 - https:\/\/yoast.com\/product\/yoast-seo-wordpress\/ -->\n<title>Your partner for government-grade forensic science solutions - Expert en investigation num\u00e9rique et r\u00e9cup\u00e9ration de donn\u00e9es<\/title>\n<meta name=\"robots\" content=\"index, follow, max-snippet:-1, max-image-preview:large, max-video-preview:-1\" \/>\n<link rel=\"canonical\" href=\"https:\/\/www.tracip.fr\/en\/home\/\" \/>\n<meta property=\"og:locale\" content=\"en_US\" \/>\n<meta property=\"og:type\" content=\"article\" \/>\n<meta property=\"og:title\" content=\"Your partner for government-grade forensic science solutions - Expert en investigation num\u00e9rique et r\u00e9cup\u00e9ration de donn\u00e9es\" \/>\n<meta property=\"og:description\" content=\"Whether the crime scene is physical or digital, scientific evidence has never been so critical to lead investigations [&hellip;]\" \/>\n<meta property=\"og:url\" content=\"https:\/\/www.tracip.fr\/en\/home\/\" \/>\n<meta property=\"og:site_name\" content=\"Expert en investigation num\u00e9rique et r\u00e9cup\u00e9ration de donn\u00e9es\" \/>\n<meta property=\"article:publisher\" content=\"https:\/\/www.facebook.com\/tracip.investigation.numerique\" \/>\n<meta property=\"article:modified_time\" content=\"2021-02-04T14:40:50+00:00\" \/>\n<meta property=\"og:image\" content=\"https:\/\/www.tracip.fr\/wp-content\/uploads\/2021\/02\/tracip-2.jpg\" \/>\n\t<meta property=\"og:image:width\" content=\"1582\" \/>\n\t<meta property=\"og:image:height\" content=\"996\" \/>\n\t<meta property=\"og:image:type\" content=\"image\/jpeg\" \/>\n<meta name=\"twitter:card\" content=\"summary_large_image\" \/>\n<meta name=\"twitter:site\" content=\"@TRACIP_SAS\" \/>\n<meta name=\"twitter:label1\" content=\"Est. reading time\" \/>\n\t<meta name=\"twitter:data1\" content=\"1 minute\" \/>\n<script type=\"application\/ld+json\" class=\"yoast-schema-graph\">{\"@context\":\"https:\/\/schema.org\",\"@graph\":[{\"@type\":\"WebPage\",\"@id\":\"https:\/\/www.tracip.fr\/en\/home\/\",\"url\":\"https:\/\/www.tracip.fr\/en\/home\/\",\"name\":\"Your partner for government-grade forensic science solutions - Expert en investigation num\u00e9rique et r\u00e9cup\u00e9ration de donn\u00e9es\",\"isPartOf\":{\"@id\":\"https:\/\/www.tracip.fr\/en\/#website\"},\"datePublished\":\"2020-11-16T11:49:34+00:00\",\"dateModified\":\"2021-02-04T14:40:50+00:00\",\"breadcrumb\":{\"@id\":\"https:\/\/www.tracip.fr\/en\/home\/#breadcrumb\"},\"inLanguage\":\"en-US\",\"potentialAction\":[{\"@type\":\"ReadAction\",\"target\":[\"https:\/\/www.tracip.fr\/en\/home\/\"]}]},{\"@type\":\"BreadcrumbList\",\"@id\":\"https:\/\/www.tracip.fr\/en\/home\/#breadcrumb\",\"itemListElement\":[{\"@type\":\"ListItem\",\"position\":1,\"name\":\"Accueil\",\"item\":\"https:\/\/www.tracip.fr\/en\/\"},{\"@type\":\"ListItem\",\"position\":2,\"name\":\"Your partner for government-grade forensic science solutions\"}]},{\"@type\":\"WebSite\",\"@id\":\"https:\/\/www.tracip.fr\/en\/#website\",\"url\":\"https:\/\/www.tracip.fr\/en\/\",\"name\":\"Expert en investigation num\u00e9rique et r\u00e9cup\u00e9ration de donn\u00e9es\",\"description\":\"Expert en investigation num\u00e9rique et r\u00e9cup\u00e9ration de donn\u00e9es\",\"publisher\":{\"@id\":\"https:\/\/www.tracip.fr\/en\/#organization\"},\"potentialAction\":[{\"@type\":\"SearchAction\",\"target\":{\"@type\":\"EntryPoint\",\"urlTemplate\":\"https:\/\/www.tracip.fr\/en\/?s={search_term_string}\"},\"query-input\":{\"@type\":\"PropertyValueSpecification\",\"valueRequired\":true,\"valueName\":\"search_term_string\"}}],\"inLanguage\":\"en-US\"},{\"@type\":\"Organization\",\"@id\":\"https:\/\/www.tracip.fr\/en\/#organization\",\"name\":\"TRACIP\",\"url\":\"https:\/\/www.tracip.fr\/en\/\",\"logo\":{\"@type\":\"ImageObject\",\"inLanguage\":\"en-US\",\"@id\":\"https:\/\/www.tracip.fr\/en\/#\/schema\/logo\/image\/\",\"url\":\"https:\/\/www.tracip.fr\/wp-content\/uploads\/2020\/08\/logo-tracip.svg\",\"contentUrl\":\"https:\/\/www.tracip.fr\/wp-content\/uploads\/2020\/08\/logo-tracip.svg\",\"width\":364,\"height\":151,\"caption\":\"TRACIP\"},\"image\":{\"@id\":\"https:\/\/www.tracip.fr\/en\/#\/schema\/logo\/image\/\"},\"sameAs\":[\"https:\/\/www.facebook.com\/tracip.investigation.numerique\",\"https:\/\/x.com\/TRACIP_SAS\",\"https:\/\/www.linkedin.com\/company\/10497145\",\"https:\/\/www.youtube.com\/channel\/UChIXtFM-exzIWhKlGKjHlxg\"]}]}<\/script>\n<!-- \/ Yoast SEO plugin. -->","yoast_head_json":{"title":"Your partner for government-grade forensic science solutions - Expert en investigation num\u00e9rique et r\u00e9cup\u00e9ration de donn\u00e9es","robots":{"index":"index","follow":"follow","max-snippet":"max-snippet:-1","max-image-preview":"max-image-preview:large","max-video-preview":"max-video-preview:-1"},"canonical":"https:\/\/www.tracip.fr\/en\/home\/","og_locale":"en_US","og_type":"article","og_title":"Your partner for government-grade forensic science solutions - Expert en investigation num\u00e9rique et r\u00e9cup\u00e9ration de donn\u00e9es","og_description":"Whether the crime scene is physical or digital, scientific evidence has never been so critical to lead investigations [&hellip;]","og_url":"https:\/\/www.tracip.fr\/en\/home\/","og_site_name":"Expert en investigation num\u00e9rique et r\u00e9cup\u00e9ration de donn\u00e9es","article_publisher":"https:\/\/www.facebook.com\/tracip.investigation.numerique","article_modified_time":"2021-02-04T14:40:50+00:00","og_image":[{"width":1582,"height":996,"url":"https:\/\/www.tracip.fr\/wp-content\/uploads\/2021\/02\/tracip-2.jpg","type":"image\/jpeg"}],"twitter_card":"summary_large_image","twitter_site":"@TRACIP_SAS","twitter_misc":{"Est. reading time":"1 minute"},"schema":{"@context":"https:\/\/schema.org","@graph":[{"@type":"WebPage","@id":"https:\/\/www.tracip.fr\/en\/home\/","url":"https:\/\/www.tracip.fr\/en\/home\/","name":"Your partner for government-grade forensic science solutions - Expert en investigation num\u00e9rique et r\u00e9cup\u00e9ration de donn\u00e9es","isPartOf":{"@id":"https:\/\/www.tracip.fr\/en\/#website"},"datePublished":"2020-11-16T11:49:34+00:00","dateModified":"2021-02-04T14:40:50+00:00","breadcrumb":{"@id":"https:\/\/www.tracip.fr\/en\/home\/#breadcrumb"},"inLanguage":"en-US","potentialAction":[{"@type":"ReadAction","target":["https:\/\/www.tracip.fr\/en\/home\/"]}]},{"@type":"BreadcrumbList","@id":"https:\/\/www.tracip.fr\/en\/home\/#breadcrumb","itemListElement":[{"@type":"ListItem","position":1,"name":"Accueil","item":"https:\/\/www.tracip.fr\/en\/"},{"@type":"ListItem","position":2,"name":"Your partner for government-grade forensic science solutions"}]},{"@type":"WebSite","@id":"https:\/\/www.tracip.fr\/en\/#website","url":"https:\/\/www.tracip.fr\/en\/","name":"Expert en investigation num\u00e9rique et r\u00e9cup\u00e9ration de donn\u00e9es","description":"Expert en investigation num\u00e9rique et r\u00e9cup\u00e9ration de donn\u00e9es","publisher":{"@id":"https:\/\/www.tracip.fr\/en\/#organization"},"potentialAction":[{"@type":"SearchAction","target":{"@type":"EntryPoint","urlTemplate":"https:\/\/www.tracip.fr\/en\/?s={search_term_string}"},"query-input":{"@type":"PropertyValueSpecification","valueRequired":true,"valueName":"search_term_string"}}],"inLanguage":"en-US"},{"@type":"Organization","@id":"https:\/\/www.tracip.fr\/en\/#organization","name":"TRACIP","url":"https:\/\/www.tracip.fr\/en\/","logo":{"@type":"ImageObject","inLanguage":"en-US","@id":"https:\/\/www.tracip.fr\/en\/#\/schema\/logo\/image\/","url":"https:\/\/www.tracip.fr\/wp-content\/uploads\/2020\/08\/logo-tracip.svg","contentUrl":"https:\/\/www.tracip.fr\/wp-content\/uploads\/2020\/08\/logo-tracip.svg","width":364,"height":151,"caption":"TRACIP"},"image":{"@id":"https:\/\/www.tracip.fr\/en\/#\/schema\/logo\/image\/"},"sameAs":["https:\/\/www.facebook.com\/tracip.investigation.numerique","https:\/\/x.com\/TRACIP_SAS","https:\/\/www.linkedin.com\/company\/10497145","https:\/\/www.youtube.com\/channel\/UChIXtFM-exzIWhKlGKjHlxg"]}]}},"coauthors":[],"author_meta":{"author_link":"https:\/\/www.tracip.fr\/en\/author\/alois-bour\/","display_name":"Alo\u00efs Bour"},"relative_dates":{"created":"Posted 5 years ago","modified":"Updated 5 years ago"},"absolute_dates":{"created":"Posted on 16 November 2020","modified":"Updated on 4 February 2021"},"absolute_dates_time":{"created":"Posted on 16 November 2020 12h49","modified":"Updated on 4 February 2021 15h40"},"featured_img_caption":"","featured_img":false,"series_order":"","_links":{"self":[{"href":"https:\/\/www.tracip.fr\/en\/wp-json\/wp\/v2\/pages\/4435","targetHints":{"allow":["GET"]}}],"collection":[{"href":"https:\/\/www.tracip.fr\/en\/wp-json\/wp\/v2\/pages"}],"about":[{"href":"https:\/\/www.tracip.fr\/en\/wp-json\/wp\/v2\/types\/page"}],"author":[{"embeddable":true,"href":"https:\/\/www.tracip.fr\/en\/wp-json\/wp\/v2\/users\/5"}],"replies":[{"embeddable":true,"href":"https:\/\/www.tracip.fr\/en\/wp-json\/wp\/v2\/comments?post=4435"}],"version-history":[{"count":3,"href":"https:\/\/www.tracip.fr\/en\/wp-json\/wp\/v2\/pages\/4435\/revisions"}],"predecessor-version":[{"id":4441,"href":"https:\/\/www.tracip.fr\/en\/wp-json\/wp\/v2\/pages\/4435\/revisions\/4441"}],"wp:attachment":[{"href":"https:\/\/www.tracip.fr\/en\/wp-json\/wp\/v2\/media?parent=4435"}],"curies":[{"name":"wp","href":"https:\/\/api.w.org\/{rel}","templated":true}]}}