{"id":4661,"date":"2020-11-23T12:58:47","date_gmt":"2020-11-23T11:58:47","guid":{"rendered":"http:\/\/maquettes3.billiotte.fr\/tracip\/?page_id=4661"},"modified":"2020-12-07T11:04:20","modified_gmt":"2020-12-07T10:04:20","slug":"mobilit","status":"publish","type":"page","link":"https:\/\/www.tracip.fr\/en\/mobilit\/","title":{"rendered":"Mobil&#8217;IT"},"content":{"rendered":"<div class=\"row\"><div class=\"all-full\">\n<div class=\"wp-block-columns is-layout-flex wp-container-core-columns-is-layout-9d6595d7 wp-block-columns-is-layout-flex\">\n<div class=\"wp-block-column is-vertically-aligned-top is-layout-flow wp-block-column-is-layout-flow\" style=\"flex-basis:100%\"><div class=\"row\"><div class=\"all-full\">\n<h3 class=\"wp-block-heading\">The same processing capacities as a traditional laboratory<\/h3>\n<\/div><\/div>\n\n<div class=\"row\"><div class=\"all-full\">\n<p>More than 10 years ago, TRACIP engineers noticed the limits of field investigations. It was illogical that the technologies usually used limited to poorer performance when the time constraint is usually higher in intervention than in laboratory. So, they try to implement tools as efficient as possible, transportable in the field, and they developed mobil\u2019IT.<\/p>\n<\/div><\/div>\n\n<div class=\"row\"><div class=\"all-full\">\n<p>It is a vehicle including all the necessary installation to carry out digital investigations in a mobile laboratory. Its ergonomics have been designed to make the most of the equipment and optimize work processes. Although initially intended for the processing of forensic analyzes, its concept can be transposed to any other digital profession such as data recovery, surveillance, high performance computing, metrology&#8230;<\/p>\n<\/div><\/div>\n\n<div class=\"row\"><div class=\"all-full\">\n<p><\/p>\n<\/div><\/div><\/div>\n\n\n\n<div class=\"wp-block-column is-vertically-aligned-top is-layout-flow wp-block-column-is-layout-flow\" style=\"flex-basis:30.7%\"><div class=\"row\"><div class=\"all-full\">\n<h3 class=\"wp-block-heading\">Lorem ipsum<\/h3>\n<\/div><\/div>\n\n<div class=\"row\"><div class=\"all-full\">\n<p>Each mobil\u2019IT is unique, specifically designed to your constraints and your processes. Put your request of study so that our teams draw plans of your future laboratory.<\/p>\n<\/div><\/div>\n\n<div id=\"button-block_5f6a2a6379b62\" class=\"button block-button\">\n            <a href=\"\" class=\"button-link\">Demande d&#8217;information<\/a>\n    <\/div>\n<\/div>\n<\/div>\n<\/div><\/div>\n\n<div class=\"row\"><div class=\"all-full\">\n<div style=\"height:100px\" aria-hidden=\"true\" class=\"wp-block-spacer\"><\/div>\n<\/div><\/div>\n\n<div class=\"row\"><div class=\"all-full\">\n<div class=\"wp-block-media-text alignwide has-media-on-the-right is-stacked-on-mobile is-image-fill fond-bleu-block\"><figure class=\"wp-block-media-text__media\" style=\"background-image:url(https:\/\/tracip.fr\/wp-content\/uploads\/2020\/09\/Capture-de\u0301cran-2020-09-23-a\u0300-19.13.51.png);background-position:50% 50%\"><img loading=\"lazy\" decoding=\"async\" width=\"739\" height=\"931\" src=\"https:\/\/tracip.fr\/wp-content\/uploads\/2020\/09\/Capture-de\u0301cran-2020-09-23-a\u0300-19.13.51.png\" alt=\"\" class=\"wp-image-2063\" srcset=\"https:\/\/www.tracip.fr\/wp-content\/uploads\/2020\/09\/Capture-de\u0301cran-2020-09-23-a\u0300-19.13.51.png 739w, https:\/\/www.tracip.fr\/wp-content\/uploads\/2020\/09\/Capture-de\u0301cran-2020-09-23-a\u0300-19.13.51-238x300.png 238w\" sizes=\"auto, (max-width: 739px) 100vw, 739px\" \/><\/figure><div class=\"wp-block-media-text__content\"><div class=\"row\"><div class=\"all-full\">\n<h3 class=\"wp-block-heading\">Complete and efficient equipment<\/h3>\n<\/div><\/div>\n\n<div class=\"row\"><div class=\"all-full\">\n<p>All our laboratories are equipped with devices to ensure its power supply. In addition to workstations adapted to its missions, it also integrates a 19-inch rack to accommodate all the equipment specific to your activity and all the necessary communication devices.<\/p>\n<\/div><\/div><\/div><\/div>\n<\/div><\/div>\n\n<div class=\"row\"><div class=\"all-full\">\n<p><\/p>\n<\/div><\/div>\n\n<div class=\"row\"><div class=\"all-full\">\n<p><\/p>\n<\/div><\/div>\n\n<div class=\"row\"><div class=\"all-full\">\n<p><\/p>\n<\/div><\/div>\n\n<div class=\"row\"><div class=\"all-full\">\n<div class=\"wp-block-media-text alignwide is-stacked-on-mobile is-image-fill fond-bleu-block\"><figure class=\"wp-block-media-text__media\" style=\"background-image:url(https:\/\/tracip.fr\/wp-content\/uploads\/2020\/09\/Capture-de\u0301cran-2020-09-23-a\u0300-19.13.51.png);background-position:50% 50%\"><img loading=\"lazy\" decoding=\"async\" width=\"739\" height=\"931\" src=\"https:\/\/tracip.fr\/wp-content\/uploads\/2020\/09\/Capture-de\u0301cran-2020-09-23-a\u0300-19.13.51.png\" alt=\"\" class=\"wp-image-2063\" srcset=\"https:\/\/www.tracip.fr\/wp-content\/uploads\/2020\/09\/Capture-de\u0301cran-2020-09-23-a\u0300-19.13.51.png 739w, https:\/\/www.tracip.fr\/wp-content\/uploads\/2020\/09\/Capture-de\u0301cran-2020-09-23-a\u0300-19.13.51-238x300.png 238w\" sizes=\"auto, (max-width: 739px) 100vw, 739px\" \/><\/figure><div class=\"wp-block-media-text__content\"><div class=\"row\"><div class=\"all-full\">\n<h3 class=\"wp-block-heading\">A personalized support<\/h3>\n<\/div><\/div>\n\n<div class=\"row\"><div class=\"all-full\">\n<p>Our experienced engineers in digital forensics assist you during training sessions to use supplied tools and to implement work method.<\/p>\n<\/div><\/div><\/div><\/div>\n<\/div><\/div>\n\n<div class=\"row\"><div class=\"all-full\">\n<p><\/p>\n<\/div><\/div>\n\n<div class=\"row\"><div class=\"all-full\">\n<p><\/p>\n<\/div><\/div>\n\n<div class=\"row\"><div class=\"all-full\">\n<p><\/p>\n<\/div><\/div>\n\n\n<section id=\"slider-block_5f998ba9f4b67\" class=\"slider block-slider\">\n  <div class=\"row\">\n    <div class=\"all-full\">\n\n      <div class=\"slick-carousel  has-thumbnails\">\n                  <div class=\"wrapper\">\n            <img loading=\"lazy\" decoding=\"async\" width=\"1440\" height=\"730\" src=\"https:\/\/www.tracip.fr\/wp-content\/uploads\/2020\/10\/DSC0646-Panorama-Modifier-1440x730.jpg\" class=\"attachment-thumbnail-slider-full size-thumbnail-slider-full\" alt=\"\" \/>                      <\/div>\n                  <div class=\"wrapper\">\n            <img loading=\"lazy\" decoding=\"async\" width=\"1440\" height=\"730\" src=\"https:\/\/www.tracip.fr\/wp-content\/uploads\/2020\/10\/mobilIT-3-1440x730.jpg\" class=\"attachment-thumbnail-slider-full size-thumbnail-slider-full\" alt=\"\" \/>                      <\/div>\n                  <div class=\"wrapper\">\n            <img loading=\"lazy\" decoding=\"async\" width=\"1440\" height=\"730\" src=\"https:\/\/www.tracip.fr\/wp-content\/uploads\/2020\/10\/mobilIT-6-1440x730.jpg\" class=\"attachment-thumbnail-slider-full size-thumbnail-slider-full\" alt=\"\" \/>                      <\/div>\n                  <div class=\"wrapper\">\n            <img loading=\"lazy\" decoding=\"async\" width=\"1440\" height=\"730\" src=\"https:\/\/www.tracip.fr\/wp-content\/uploads\/2020\/10\/Photo-mobilIT-Se\u0301ne\u0301gal-1440x730.jpg\" class=\"attachment-thumbnail-slider-full size-thumbnail-slider-full\" alt=\"\" \/>                      <\/div>\n              <\/div>\n\n            <div class=\"slick-nav\">\n                      <div class=\"wrapper\">\n                <img loading=\"lazy\" decoding=\"async\" width=\"230\" height=\"160\" src=\"https:\/\/www.tracip.fr\/wp-content\/uploads\/2020\/10\/DSC0646-Panorama-Modifier-230x160.jpg\" class=\"attachment-thumbnail-slider-nav size-thumbnail-slider-nav\" alt=\"\" \/>                            <\/div>\n                      <div class=\"wrapper\">\n                <img loading=\"lazy\" decoding=\"async\" width=\"230\" height=\"160\" src=\"https:\/\/www.tracip.fr\/wp-content\/uploads\/2020\/10\/mobilIT-3-230x160.jpg\" class=\"attachment-thumbnail-slider-nav size-thumbnail-slider-nav\" alt=\"\" \/>                            <\/div>\n                      <div class=\"wrapper\">\n                <img loading=\"lazy\" decoding=\"async\" width=\"230\" height=\"160\" src=\"https:\/\/www.tracip.fr\/wp-content\/uploads\/2020\/10\/mobilIT-6-230x160.jpg\" class=\"attachment-thumbnail-slider-nav size-thumbnail-slider-nav\" alt=\"\" \/>                            <\/div>\n                      <div class=\"wrapper\">\n                <img loading=\"lazy\" decoding=\"async\" width=\"230\" height=\"160\" src=\"https:\/\/www.tracip.fr\/wp-content\/uploads\/2020\/10\/Photo-mobilIT-Se\u0301ne\u0301gal-230x160.jpg\" class=\"attachment-thumbnail-slider-nav size-thumbnail-slider-nav\" alt=\"\" \/>                            <\/div>\n                <\/div>\n      \n    <\/div>\n  <\/div>\n<\/section>\n\n\n<div class=\"row\"><div class=\"all-full\">\n<p><\/p>\n<\/div><\/div>\n\n<div class=\"row\"><div class=\"all-full\">\n<p><\/p>\n<\/div><\/div>\n\n<div class=\"row\"><div class=\"all-full\">\n<p><\/p>\n<\/div><\/div>\n\n<div class=\"row\"><div class=\"all-full\">\n<div class=\"wp-block-media-text alignwide has-media-on-the-right is-stacked-on-mobile is-image-fill fond-bleu-block\"><figure class=\"wp-block-media-text__media\" style=\"background-image:url(https:\/\/tracip.fr\/wp-content\/uploads\/2020\/09\/Capture-de\u0301cran-2020-09-23-a\u0300-19.13.51.png);background-position:50% 50%\"><img loading=\"lazy\" decoding=\"async\" width=\"739\" height=\"931\" src=\"https:\/\/tracip.fr\/wp-content\/uploads\/2020\/09\/Capture-de\u0301cran-2020-09-23-a\u0300-19.13.51.png\" alt=\"\" class=\"wp-image-2063\" srcset=\"https:\/\/www.tracip.fr\/wp-content\/uploads\/2020\/09\/Capture-de\u0301cran-2020-09-23-a\u0300-19.13.51.png 739w, https:\/\/www.tracip.fr\/wp-content\/uploads\/2020\/09\/Capture-de\u0301cran-2020-09-23-a\u0300-19.13.51-238x300.png 238w\" sizes=\"auto, (max-width: 739px) 100vw, 739px\" \/><\/figure><div class=\"wp-block-media-text__content\"><div class=\"row\"><div class=\"all-full\">\n<h3 class=\"wp-block-heading\">Adaptability to all environments<\/h3>\n<\/div><\/div>\n\n<div class=\"row\"><div class=\"all-full\">\n<p>Whether in an urban environment or in an isolated area, in tropical or cold regions, our mobile IT can intervene wherever you need it.<\/p>\n<\/div><\/div><\/div><\/div>\n<\/div><\/div>\n\n<div class=\"row\"><div class=\"all-full\">\n<p><\/p>\n<\/div><\/div>\n\n<div class=\"row\"><div class=\"all-full\">\n<p><\/p>\n<\/div><\/div>\n\n<div class=\"row\"><div class=\"all-full\">\n<p><\/p>\n<\/div><\/div>\n\n<div class=\"row\"><div class=\"all-full\">\n<div class=\"wp-block-media-text alignwide is-stacked-on-mobile is-image-fill fond-bleu-block\"><figure class=\"wp-block-media-text__media\" style=\"background-image:url(https:\/\/tracip.fr\/wp-content\/uploads\/2020\/11\/Photo1-1-1024x683.jpg);background-position:50% 50%\"><img loading=\"lazy\" decoding=\"async\" width=\"1024\" height=\"683\" src=\"https:\/\/tracip.fr\/wp-content\/uploads\/2020\/11\/Photo1-1-1024x683.jpg\" alt=\"\" class=\"wp-image-5986\" srcset=\"https:\/\/www.tracip.fr\/wp-content\/uploads\/2020\/11\/Photo1-1-1024x683.jpg 1024w, https:\/\/www.tracip.fr\/wp-content\/uploads\/2020\/11\/Photo1-1-300x200.jpg 300w, https:\/\/www.tracip.fr\/wp-content\/uploads\/2020\/11\/Photo1-1-768x513.jpg 768w, https:\/\/www.tracip.fr\/wp-content\/uploads\/2020\/11\/Photo1-1.jpg 1500w\" sizes=\"auto, (max-width: 1024px) 100vw, 1024px\" \/><\/figure><div class=\"wp-block-media-text__content\"><div class=\"row\"><div class=\"all-full\">\n<h3 class=\"wp-block-heading\">A complete product line to adapt to all situations<\/h3>\n<\/div><\/div>\n\n<div class=\"row\"><div class=\"all-full\">\n<ul class=\"wp-block-list\" id=\"block-1a0a8ae5-aec6-40c7-90ff-8a89eb85efff\"><li>Container: for long period missions in a theater of operations, the cell can easily be placed on the ground.<\/li><li>Medium Goods Vehicle: Enjoy complete autonomy for the accomplishment of its missions while preserving total mobility.<\/li><li>Light Commercial Vehicle: the laboratory cell is placed on a carrier 3.5 t GVW, giving it greater mobility, without concession on working comfort.<\/li><li>Van: more comfortable in urban environment, the van is ideal for occasional, short-term missions requiring greater discretion.<\/li><li>Passenger vehicle: ideal for massively equipping staff with field intervention kits and occupy a territory.<\/li><\/ul>\n<\/div><\/div>\n\n<div class=\"row\"><div class=\"all-full\">\n<p><\/p>\n<\/div><\/div><\/div><\/div>\n<\/div><\/div>\n\n<div class=\"row\"><div class=\"all-full\">\n<div style=\"height:30px\" aria-hidden=\"true\" class=\"wp-block-spacer\"><\/div>\n<\/div><\/div>\n\n<div class=\"row\"><div class=\"all-full\">\n<div style=\"height:30px\" aria-hidden=\"true\" class=\"wp-block-spacer\"><\/div>\n<\/div><\/div>\n\n<section id=\"informations-block_5fcdfdaef9c68\" class=\"informations block-informations\">\n    <div class=\"row\">\n      <div class=\"all-full\">\n        <div class=\"content\">\n                    <\/div>\n      <\/div>\n    <\/div>\n<\/section>\n\n<div class=\"row\"><div class=\"all-full\">\n<hr class=\"wp-block-separator\"\/>\n<\/div><\/div>\n\n<div class=\"row\"><div class=\"all-full\">\n<p><\/p>\n<\/div><\/div>\n\n<div class=\"row\"><div class=\"all-full\">\n<h2 class=\"wp-block-heading\">D\u00e9couvrez nos autres solutions cl\u00e9s en main<\/h2>\n<\/div><\/div>\n\n\n","protected":false},"excerpt":{"rendered":"<p>The same processing capacities as a traditional laboratory More than 10 years ago, TRACIP engineers noticed the limits [&hellip;]<\/p>\n","protected":false},"author":5,"featured_media":2063,"parent":0,"menu_order":0,"comment_status":"closed","ping_status":"closed","template":"","meta":{"qubely_global_settings":"","qubely_interactions":"","advgb_blocks_editor_width":"","advgb_blocks_columns_visual_guide":"","footnotes":""},"class_list":["post-4661","page","type-page","status-publish","has-post-thumbnail","hentry"],"yoast_head":"<!-- This site is optimized with the Yoast SEO plugin v27.1.1 - https:\/\/yoast.com\/product\/yoast-seo-wordpress\/ -->\n<title>Mobil&#039;IT - Expert en investigation num\u00e9rique et r\u00e9cup\u00e9ration de donn\u00e9es<\/title>\n<meta name=\"robots\" content=\"index, follow, max-snippet:-1, max-image-preview:large, max-video-preview:-1\" \/>\n<link rel=\"canonical\" href=\"https:\/\/www.tracip.fr\/en\/mobilit\/\" \/>\n<meta property=\"og:locale\" content=\"en_US\" \/>\n<meta property=\"og:type\" content=\"article\" \/>\n<meta property=\"og:title\" content=\"Mobil&#039;IT - Expert en investigation num\u00e9rique et r\u00e9cup\u00e9ration de donn\u00e9es\" \/>\n<meta property=\"og:description\" content=\"The same processing capacities as a traditional laboratory More than 10 years ago, TRACIP engineers noticed the limits [&hellip;]\" \/>\n<meta property=\"og:url\" content=\"https:\/\/www.tracip.fr\/en\/mobilit\/\" \/>\n<meta property=\"og:site_name\" content=\"Expert en investigation num\u00e9rique et r\u00e9cup\u00e9ration de donn\u00e9es\" \/>\n<meta property=\"article:publisher\" content=\"https:\/\/www.facebook.com\/tracip.investigation.numerique\" \/>\n<meta property=\"article:modified_time\" content=\"2020-12-07T10:04:20+00:00\" \/>\n<meta property=\"og:image\" content=\"https:\/\/www.tracip.fr\/wp-content\/uploads\/2020\/09\/Capture-de\u0301cran-2020-09-23-a\u0300-19.13.51.png\" \/>\n\t<meta property=\"og:image:width\" content=\"739\" \/>\n\t<meta property=\"og:image:height\" content=\"931\" \/>\n\t<meta property=\"og:image:type\" content=\"image\/png\" \/>\n<meta name=\"twitter:card\" content=\"summary_large_image\" \/>\n<meta name=\"twitter:site\" content=\"@TRACIP_SAS\" \/>\n<meta name=\"twitter:label1\" content=\"Est. reading time\" \/>\n\t<meta name=\"twitter:data1\" content=\"2 minutes\" \/>\n<script type=\"application\/ld+json\" class=\"yoast-schema-graph\">{\"@context\":\"https:\/\/schema.org\",\"@graph\":[{\"@type\":\"WebPage\",\"@id\":\"https:\/\/www.tracip.fr\/en\/mobilit\/\",\"url\":\"https:\/\/www.tracip.fr\/en\/mobilit\/\",\"name\":\"Mobil'IT - Expert en investigation num\u00e9rique et r\u00e9cup\u00e9ration de donn\u00e9es\",\"isPartOf\":{\"@id\":\"https:\/\/www.tracip.fr\/en\/#website\"},\"primaryImageOfPage\":{\"@id\":\"https:\/\/www.tracip.fr\/en\/mobilit\/#primaryimage\"},\"image\":{\"@id\":\"https:\/\/www.tracip.fr\/en\/mobilit\/#primaryimage\"},\"thumbnailUrl\":\"https:\/\/www.tracip.fr\/wp-content\/uploads\/2020\/09\/Capture-de\u0301cran-2020-09-23-a\u0300-19.13.51.png\",\"datePublished\":\"2020-11-23T11:58:47+00:00\",\"dateModified\":\"2020-12-07T10:04:20+00:00\",\"breadcrumb\":{\"@id\":\"https:\/\/www.tracip.fr\/en\/mobilit\/#breadcrumb\"},\"inLanguage\":\"en-US\",\"potentialAction\":[{\"@type\":\"ReadAction\",\"target\":[\"https:\/\/www.tracip.fr\/en\/mobilit\/\"]}]},{\"@type\":\"ImageObject\",\"inLanguage\":\"en-US\",\"@id\":\"https:\/\/www.tracip.fr\/en\/mobilit\/#primaryimage\",\"url\":\"https:\/\/www.tracip.fr\/wp-content\/uploads\/2020\/09\/Capture-de\u0301cran-2020-09-23-a\u0300-19.13.51.png\",\"contentUrl\":\"https:\/\/www.tracip.fr\/wp-content\/uploads\/2020\/09\/Capture-de\u0301cran-2020-09-23-a\u0300-19.13.51.png\",\"width\":739,\"height\":931,\"caption\":\"R\u00e9quisition & Expertise judiciaire\"},{\"@type\":\"BreadcrumbList\",\"@id\":\"https:\/\/www.tracip.fr\/en\/mobilit\/#breadcrumb\",\"itemListElement\":[{\"@type\":\"ListItem\",\"position\":1,\"name\":\"Accueil\",\"item\":\"https:\/\/www.tracip.fr\/en\/\"},{\"@type\":\"ListItem\",\"position\":2,\"name\":\"Mobil&#8217;IT\"}]},{\"@type\":\"WebSite\",\"@id\":\"https:\/\/www.tracip.fr\/en\/#website\",\"url\":\"https:\/\/www.tracip.fr\/en\/\",\"name\":\"Expert en investigation num\u00e9rique et r\u00e9cup\u00e9ration de donn\u00e9es\",\"description\":\"Expert en investigation num\u00e9rique et r\u00e9cup\u00e9ration de donn\u00e9es\",\"publisher\":{\"@id\":\"https:\/\/www.tracip.fr\/en\/#organization\"},\"potentialAction\":[{\"@type\":\"SearchAction\",\"target\":{\"@type\":\"EntryPoint\",\"urlTemplate\":\"https:\/\/www.tracip.fr\/en\/?s={search_term_string}\"},\"query-input\":{\"@type\":\"PropertyValueSpecification\",\"valueRequired\":true,\"valueName\":\"search_term_string\"}}],\"inLanguage\":\"en-US\"},{\"@type\":\"Organization\",\"@id\":\"https:\/\/www.tracip.fr\/en\/#organization\",\"name\":\"TRACIP\",\"url\":\"https:\/\/www.tracip.fr\/en\/\",\"logo\":{\"@type\":\"ImageObject\",\"inLanguage\":\"en-US\",\"@id\":\"https:\/\/www.tracip.fr\/en\/#\/schema\/logo\/image\/\",\"url\":\"https:\/\/www.tracip.fr\/wp-content\/uploads\/2020\/08\/logo-tracip.svg\",\"contentUrl\":\"https:\/\/www.tracip.fr\/wp-content\/uploads\/2020\/08\/logo-tracip.svg\",\"width\":364,\"height\":151,\"caption\":\"TRACIP\"},\"image\":{\"@id\":\"https:\/\/www.tracip.fr\/en\/#\/schema\/logo\/image\/\"},\"sameAs\":[\"https:\/\/www.facebook.com\/tracip.investigation.numerique\",\"https:\/\/x.com\/TRACIP_SAS\",\"https:\/\/www.linkedin.com\/company\/10497145\",\"https:\/\/www.youtube.com\/channel\/UChIXtFM-exzIWhKlGKjHlxg\"]}]}<\/script>\n<!-- \/ Yoast SEO plugin. -->","yoast_head_json":{"title":"Mobil'IT - Expert en investigation num\u00e9rique et r\u00e9cup\u00e9ration de donn\u00e9es","robots":{"index":"index","follow":"follow","max-snippet":"max-snippet:-1","max-image-preview":"max-image-preview:large","max-video-preview":"max-video-preview:-1"},"canonical":"https:\/\/www.tracip.fr\/en\/mobilit\/","og_locale":"en_US","og_type":"article","og_title":"Mobil'IT - Expert en investigation num\u00e9rique et r\u00e9cup\u00e9ration de donn\u00e9es","og_description":"The same processing capacities as a traditional laboratory More than 10 years ago, TRACIP engineers noticed the limits [&hellip;]","og_url":"https:\/\/www.tracip.fr\/en\/mobilit\/","og_site_name":"Expert en investigation num\u00e9rique et r\u00e9cup\u00e9ration de donn\u00e9es","article_publisher":"https:\/\/www.facebook.com\/tracip.investigation.numerique","article_modified_time":"2020-12-07T10:04:20+00:00","og_image":[{"width":739,"height":931,"url":"https:\/\/www.tracip.fr\/wp-content\/uploads\/2020\/09\/Capture-de\u0301cran-2020-09-23-a\u0300-19.13.51.png","type":"image\/png"}],"twitter_card":"summary_large_image","twitter_site":"@TRACIP_SAS","twitter_misc":{"Est. reading time":"2 minutes"},"schema":{"@context":"https:\/\/schema.org","@graph":[{"@type":"WebPage","@id":"https:\/\/www.tracip.fr\/en\/mobilit\/","url":"https:\/\/www.tracip.fr\/en\/mobilit\/","name":"Mobil'IT - Expert en investigation num\u00e9rique et r\u00e9cup\u00e9ration de donn\u00e9es","isPartOf":{"@id":"https:\/\/www.tracip.fr\/en\/#website"},"primaryImageOfPage":{"@id":"https:\/\/www.tracip.fr\/en\/mobilit\/#primaryimage"},"image":{"@id":"https:\/\/www.tracip.fr\/en\/mobilit\/#primaryimage"},"thumbnailUrl":"https:\/\/www.tracip.fr\/wp-content\/uploads\/2020\/09\/Capture-de\u0301cran-2020-09-23-a\u0300-19.13.51.png","datePublished":"2020-11-23T11:58:47+00:00","dateModified":"2020-12-07T10:04:20+00:00","breadcrumb":{"@id":"https:\/\/www.tracip.fr\/en\/mobilit\/#breadcrumb"},"inLanguage":"en-US","potentialAction":[{"@type":"ReadAction","target":["https:\/\/www.tracip.fr\/en\/mobilit\/"]}]},{"@type":"ImageObject","inLanguage":"en-US","@id":"https:\/\/www.tracip.fr\/en\/mobilit\/#primaryimage","url":"https:\/\/www.tracip.fr\/wp-content\/uploads\/2020\/09\/Capture-de\u0301cran-2020-09-23-a\u0300-19.13.51.png","contentUrl":"https:\/\/www.tracip.fr\/wp-content\/uploads\/2020\/09\/Capture-de\u0301cran-2020-09-23-a\u0300-19.13.51.png","width":739,"height":931,"caption":"R\u00e9quisition & Expertise judiciaire"},{"@type":"BreadcrumbList","@id":"https:\/\/www.tracip.fr\/en\/mobilit\/#breadcrumb","itemListElement":[{"@type":"ListItem","position":1,"name":"Accueil","item":"https:\/\/www.tracip.fr\/en\/"},{"@type":"ListItem","position":2,"name":"Mobil&#8217;IT"}]},{"@type":"WebSite","@id":"https:\/\/www.tracip.fr\/en\/#website","url":"https:\/\/www.tracip.fr\/en\/","name":"Expert en investigation num\u00e9rique et r\u00e9cup\u00e9ration de donn\u00e9es","description":"Expert en investigation num\u00e9rique et r\u00e9cup\u00e9ration de donn\u00e9es","publisher":{"@id":"https:\/\/www.tracip.fr\/en\/#organization"},"potentialAction":[{"@type":"SearchAction","target":{"@type":"EntryPoint","urlTemplate":"https:\/\/www.tracip.fr\/en\/?s={search_term_string}"},"query-input":{"@type":"PropertyValueSpecification","valueRequired":true,"valueName":"search_term_string"}}],"inLanguage":"en-US"},{"@type":"Organization","@id":"https:\/\/www.tracip.fr\/en\/#organization","name":"TRACIP","url":"https:\/\/www.tracip.fr\/en\/","logo":{"@type":"ImageObject","inLanguage":"en-US","@id":"https:\/\/www.tracip.fr\/en\/#\/schema\/logo\/image\/","url":"https:\/\/www.tracip.fr\/wp-content\/uploads\/2020\/08\/logo-tracip.svg","contentUrl":"https:\/\/www.tracip.fr\/wp-content\/uploads\/2020\/08\/logo-tracip.svg","width":364,"height":151,"caption":"TRACIP"},"image":{"@id":"https:\/\/www.tracip.fr\/en\/#\/schema\/logo\/image\/"},"sameAs":["https:\/\/www.facebook.com\/tracip.investigation.numerique","https:\/\/x.com\/TRACIP_SAS","https:\/\/www.linkedin.com\/company\/10497145","https:\/\/www.youtube.com\/channel\/UChIXtFM-exzIWhKlGKjHlxg"]}]}},"coauthors":[],"author_meta":{"author_link":"https:\/\/www.tracip.fr\/en\/author\/alois-bour\/","display_name":"Alo\u00efs Bour"},"relative_dates":{"created":"Posted 5 years ago","modified":"Updated 5 years ago"},"absolute_dates":{"created":"Posted on 23 November 2020","modified":"Updated on 7 December 2020"},"absolute_dates_time":{"created":"Posted on 23 November 2020 12h58","modified":"Updated on 7 December 2020 11h04"},"featured_img_caption":"","featured_img":"https:\/\/www.tracip.fr\/wp-content\/uploads\/2020\/09\/Capture-de\u0301cran-2020-09-23-a\u0300-19.13.51.png","series_order":"","_links":{"self":[{"href":"https:\/\/www.tracip.fr\/en\/wp-json\/wp\/v2\/pages\/4661","targetHints":{"allow":["GET"]}}],"collection":[{"href":"https:\/\/www.tracip.fr\/en\/wp-json\/wp\/v2\/pages"}],"about":[{"href":"https:\/\/www.tracip.fr\/en\/wp-json\/wp\/v2\/types\/page"}],"author":[{"embeddable":true,"href":"https:\/\/www.tracip.fr\/en\/wp-json\/wp\/v2\/users\/5"}],"replies":[{"embeddable":true,"href":"https:\/\/www.tracip.fr\/en\/wp-json\/wp\/v2\/comments?post=4661"}],"version-history":[{"count":19,"href":"https:\/\/www.tracip.fr\/en\/wp-json\/wp\/v2\/pages\/4661\/revisions"}],"predecessor-version":[{"id":6500,"href":"https:\/\/www.tracip.fr\/en\/wp-json\/wp\/v2\/pages\/4661\/revisions\/6500"}],"wp:featuredmedia":[{"embeddable":true,"href":"https:\/\/www.tracip.fr\/en\/wp-json\/wp\/v2\/media\/2063"}],"wp:attachment":[{"href":"https:\/\/www.tracip.fr\/en\/wp-json\/wp\/v2\/media?parent=4661"}],"curies":[{"name":"wp","href":"https:\/\/api.w.org\/{rel}","templated":true}]}}